{"id":71332,"date":"2024-09-06T07:58:48","date_gmt":"2024-09-06T07:58:48","guid":{"rendered":"https:\/\/steinhandel.li\/?page_id=71332"},"modified":"2024-09-06T08:35:23","modified_gmt":"2024-09-06T08:35:23","slug":"impressum-datenschutzerklaerung","status":"publish","type":"page","link":"https:\/\/steinhandel.li\/?page_id=71332","title":{"rendered":"Impressum &#038; Datenschutzerkl\u00e4rung"},"content":{"rendered":"<p>[et_pb_section fb_built=&#8220;1&#8243; _builder_version=&#8220;4.16&#8243; _module_preset=&#8220;default&#8220; custom_padding=&#8220;0px||0px||true|false&#8220; global_colors_info=&#8220;{}&#8220;][\/et_pb_section][et_pb_section fb_built=&#8220;1&#8243; _builder_version=&#8220;4.27.0&#8243; _module_preset=&#8220;default&#8220; custom_padding=&#8220;220px||0px||false|false&#8220; global_colors_info=&#8220;{}&#8220;][et_pb_row use_custom_gutter=&#8220;on&#8220; gutter_width=&#8220;2&#8243; make_equal=&#8220;on&#8220; _builder_version=&#8220;4.27.0&#8243; _module_preset=&#8220;default&#8220; width=&#8220;90%&#8220; width_tablet=&#8220;90%&#8220; width_phone=&#8220;90%&#8220; width_last_edited=&#8220;on|desktop&#8220; max_width=&#8220;1280px&#8220; max_width_tablet=&#8220;90%&#8220; max_width_phone=&#8220;90%&#8220; max_width_last_edited=&#8220;on|phone&#8220; custom_padding=&#8220;0px||0px||false|false&#8220; global_colors_info=&#8220;{}&#8220;][et_pb_column type=&#8220;4_4&#8243; _builder_version=&#8220;4.16&#8243; _module_preset=&#8220;default&#8220; global_colors_info=&#8220;{}&#8220;][et_pb_image src=&#8220;https:\/\/steinhandel.li\/wp-content\/uploads\/2024\/08\/Steinhandel-Veit-Vogt-Logo-1000x193px-tp.png&#8220; title_text=&#8220;Steinhandel-Veit-Vogt-Logo-1000x193px-tp&#8220; align=&#8220;center&#8220; force_fullwidth=&#8220;on&#8220; _builder_version=&#8220;4.27.0&#8243; _module_preset=&#8220;default&#8220; z_index=&#8220;-162&#8243; custom_margin=&#8220;-90px||||false|false&#8220; animation_style=&#8220;zoom&#8220; animation_duration=&#8220;1500ms&#8220; animation_delay=&#8220;500ms&#8220; animation_speed_curve=&#8220;ease&#8220; global_colors_info=&#8220;{}&#8220;][\/et_pb_image][\/et_pb_column][\/et_pb_row][et_pb_row use_custom_gutter=&#8220;on&#8220; gutter_width=&#8220;2&#8243; make_equal=&#8220;on&#8220; _builder_version=&#8220;4.27.0&#8243; _module_preset=&#8220;default&#8220; width=&#8220;64%&#8220; width_tablet=&#8220;90%&#8220; width_phone=&#8220;90%&#8220; width_last_edited=&#8220;on|desktop&#8220; max_width=&#8220;1280px&#8220; max_width_tablet=&#8220;90%&#8220; max_width_phone=&#8220;90%&#8220; max_width_last_edited=&#8220;on|phone&#8220; custom_margin=&#8220;10px||80px||false|false&#8220; custom_padding=&#8220;0px||0px||false|false&#8220; global_colors_info=&#8220;{}&#8220;][et_pb_column type=&#8220;4_4&#8243; _builder_version=&#8220;4.16&#8243; _module_preset=&#8220;default&#8220; global_colors_info=&#8220;{}&#8220;][et_pb_text _builder_version=&#8220;4.27.0&#8243; _module_preset=&#8220;default&#8220; text_text_color=&#8220;#000000&#8243; text_font_size=&#8220;1.5em&#8220; text_line_height=&#8220;1.5em&#8220; header_2_line_height=&#8220;2.2em&#8220; hover_enabled=&#8220;0&#8243; global_colors_info=&#8220;{}&#8220; sticky_enabled=&#8220;0&#8243;]<\/p>\n<h2><strong>Impressum<\/strong><\/h2>\n<p><strong> F\u00fcr den Inhalt verantwortlich:<\/strong><\/p>\n<p>Steinhandel Veit Vogt<br \/>B\u00e4chliweg 38<br \/>9495 Triesen<br \/>F\u00fcrstentum Liechtenstein<\/p>\n<p>+41 79 601 08 81<\/p>\n<p>veit.vogt@steinhandel.li<\/p>\n<p>Reg. Nr. FL-0002.721.356-8<br \/>UID CHE-177.431.341<\/p>\n<p><strong> Gestaltung und Umsetzung der Website<\/strong><strong><br \/><\/strong>komm.li<\/p>\n<p><strong> Fotografien<br \/><\/strong>Fotos: Veit Vogt<\/p>\n<p>&nbsp;<\/p>\n<h2><strong> Copyright\/Urheberrecht<\/strong><strong>:<\/strong><\/h2>\n<p>Der gesamte Inhalt der Webseite <strong>steinhandel.li<\/strong>, (nachfolgend &#8222;Webseite&#8220;) ist urheberrechtlich gesch\u00fctzt. Die Urheberrechte kommen dabei der Steinhandel Veit Vogt oder Dritten zu. Die Elemente auf der Webseite sind nur f\u00fcr Browsingzwecke frei zug\u00e4nglich. Jede Art der Verbreitung, Vervielf\u00e4ltigung, Bearbeitung und Verwertung des gegenst\u00e4ndlichen Materials (auch Teile daraus) ausserhalb der Grenzen des Urheberrechts bedarf der vorherigen schriftlichen Zustimmung des jeweiligen Urhebers. Die Verbreitung und Vervielf\u00e4ltigung des gegenst\u00e4ndlichen Materials (auch Teile daraus) in gedruckter oder elektronischer Form innerhalb der Grenzen des Urheberrechts sind nur mit ausdr\u00fccklicher namentlicher Nennung des Urhebers gestattet.<\/p>\n<p>Durch das Herunterladen oder Kopieren von Inhalten, Bildern, Fotos oder anderen Dateien werden keinerlei Rechte bez\u00fcglich der Inhalte \u00fcbertragen. Die verwendeten Namen und Logos sind eingetragene und daher gesch\u00fctzte Marken, weshalb kein Recht zur Nutzung der Bilder, Namen und Logos besteht. Die Steinhandel Veit Vogt beh\u00e4lt sich s\u00e4mtliche Rechte hinsichtlich des gesamten Inhaltes der Website &#8211; ausgenommen davon sind Rechte Dritter &#8211; vor.\u00a0<\/p>\n<h3><strong> Haftungsbeschr\u00e4nkung f\u00fcr eigene Inhalte:<\/strong><\/h3>\n<p>Obwohl die Steinhandel Veit Vogt mit aller Sorgfalt auf die Richtigkeit der ver\u00f6ffentlichten Informationen achtet, kann sie und ihre Vertragspartner hinsichtlich der Aktualit\u00e4t, Vollst\u00e4ndigkeit, Richtigkeit und Genauigkeit der auf der Website enthaltenen Informationen im Zeitpunkt ihrer Publikation keine Gew\u00e4hrleistung \u00fcbernehmen (auch gegen\u00fcber Dritten nicht). Haftungsanspr\u00fcche gegen die Steinhandel Veit Vogt wegen Sch\u00e4den materieller oder immaterieller Art, welche aus dem Zugriff oder der Nutzung bzw. Nichtbenutzung der ver\u00f6ffentlichten Informationen, durch Missbrauch der Verbindung oder durch technische St\u00f6rungen entstanden sind, sowie direkte und indirekte Folgesch\u00e4den werden ausgeschlossen.<\/p>\n<p>Sofern zwischen einem Benutzer der Webseite und der Steinhandel Veit Vogt ein Vertragsverh\u00e4ltnis vorliegt, haftet die Steinhandel Veit Vogt nur f\u00fcr grobfahrl\u00e4ssig oder vors\u00e4tzlich verursachte Sch\u00e4den. F\u00fcr einen durch eine Hilfsperson verursachten Schaden schliesst die Steinhandel Veit Vogt jegliche Haftung aus.<\/p>\n<h3><strong> Haftungsbeschr\u00e4nkung f\u00fcr externe Links<\/strong><strong>:<\/strong><\/h3>\n<p>Die Website kann externe Links (Verkn\u00fcpfungen zu Webseiten (Dritter) enthalten, bei deren Aktivierung unter Umst\u00e4nden die Webseite verlassen wird oder innerhalb der Umgebung der Webseite Ausz\u00fcge von Webseiten Dritter dargestellt werden. Die Steinhandel Veit Vogt und ihre Vertragspartner \u00fcbernehmen bez\u00fcglich Aktualit\u00e4t, Vollst\u00e4ndigkeit und Richtigkeit des Inhaltes der verlinkten Webseiten keine Gew\u00e4hrleistung. F\u00fcr Inhalte und die Richtigkeit der Informationen ist der jeweilige Informationsanbieter der verlinkten Webseite verantwortlich.\u00a0<\/p>\n<p>Es wird jegliche Verantwortung f\u00fcr solche Webseiten abgelehnt.<\/p>\n<h2><strong><\/strong><\/h2>\n<h2><strong>Datenschutzerkl\u00e4rung <\/strong><\/h2>\n<p>Wir nehmen den Schutz Ihrer pers\u00f6nlichen Daten sehr ernst. Diese Datenschutzerkl\u00e4rung informiert Sie \u00fcber die Art, den Umfang und Zweck der Verarbeitung von personenbezogenen Daten (nachfolgend kurz \u00abDaten\u00bb) innerhalb unserer Webseite und der mit ihr verbundenen Webseiten, Funktionen und Inhalte sowie externen Onlinepr\u00e4senzen (nachfolgend gemeinsam bezeichnet als \u00abWebseite\u00bb).<\/p>\n<p>Die verantwortliche Stelle f\u00fcr die Datenverarbeitung auf dieser Webseite ist:<\/p>\n<p><strong>Veit Vogt Steinhandel<br \/><\/strong><strong>B\u00e4chliweg 38<br \/><\/strong><strong>9495 Triesen<br \/><\/strong><strong>F\u00fcrstentum Liechtenstein<\/strong><\/p>\n<p><strong>veit.vogt@steinhandel.li<\/strong><\/p>\n<p><strong>www.steinhandel.li<\/strong><strong>\u00a0<\/strong><\/p>\n<p><strong><\/strong><\/p>\n<h3><strong>Auskunft, L\u00f6schung, Sperrung<\/strong><\/h3>\n<p>Sie haben im Rahmen der geltenden gesetzlichen Bestimmungen jederzeit das Recht auf unentgeltliche Auskunft \u00fcber Ihre gespeicherten personenbezogenen Daten, deren Herkunft und Empf\u00e4nger und den Zweck der Datenverarbeitung und gegebenenfalls ein Recht auf Berichtigung, Sperrung oder L\u00f6schung dieser Daten. Hierzu sowie zu weiteren Fragen zum Thema personenbezogene Daten k\u00f6nnen Sie sich jederzeit unter der oben angegebenen Adresse an uns wenden.<\/p>\n<p>Viele Datenverarbeitungsvorg\u00e4nge sind nur mit Ihrer ausdr\u00fccklichen Einwilligung m\u00f6glich. Sie k\u00f6nnen eine bereits erteilte Einwilligung jederzeit widerrufen. Dazu reicht eine formlose Mitteilung per E-Mail an uns. Die Rechtm\u00e4ssigkeit der bis zum Widerruf erfolgten Datenverarbeitung bleibt vom Widerruf unber\u00fchrt.<\/p>\n<p>Bei der Kontaktaufnahme mit uns (z.B. per E-Mail oder Telefon) werden die Angaben des Nutzers zur Bearbeitung der Kontaktanfrage und deren Abwicklung gem. Art. 6 Abs. 1 lit. b) DSGVO verarbeitet. Die Angaben der Nutzer k\u00f6nnen in einem Customer-Relationship-Management System (\u00abCRM System\u00bb) gespeichert werden.<\/p>\n<p>Arten der verarbeiteten Daten:<\/p>\n<ul>\n<li>Bestandsdaten (z.B. Namen, Adressen)<\/li>\n<li>Kontaktdaten (z.B. E-Mail, Telefonnummern)<\/li>\n<li>Inhaltsdaten (z.B. Texteingaben, Fotografien, Videos)<\/li>\n<li>Nutzungsdaten (z.B. besuchte Webseiten, Interesse an Inhalten, Zugriffszeiten)<\/li>\n<li>Meta-\/Kommunikationsdaten (z.B. Ger\u00e4te-Informationen, IP-Adressen)<\/li>\n<\/ul>\n<ul><\/ul>\n<h3><strong>Datensicherheit<\/strong><\/h3>\n<p>Wir verwenden innerhalb des Webseiten-Besuchs das verbreitete SSL-Verfahren (Secure Socket Layer) in Verbindung mit der jeweils h\u00f6chsten Verschl\u00fcsselungsstufe, die von Ihrem Browser unterst\u00fctzt wird. Ob eine einzelne Seite verschl\u00fcsselt \u00fcbertragen wird, erkennen Sie an der geschlossenen Darstellung des Sch\u00fcssel- beziehungsweise Schloss-Symbols in der Adressleiste Ihres Browsers. Dar\u00fcber hinaus wenden wir weitere geeignete technische und organisatorische Sicherheitsmassnahmen an, um Ihre Daten gegen zuf\u00e4llige oder vors\u00e4tzliche Manipulationen, teilweisen oder vollst\u00e4ndigen Verlust, Zerst\u00f6rung oder gegen den unbefugten Zugriff Dritter zu sch\u00fctzen. Unsere Sicherheitsmassnahmen werden entsprechend der technologischen Entwicklung fortlaufend verbessert.<\/p>\n<p>&nbsp;<\/p>\n<h3><strong>Cookies<\/strong><\/h3>\n<p>Cookies sind kleine Dateien, die Ihr Browser automatisch erstellt und die auf Ihrem Endger\u00e4t (Laptop, Tablet, Smartphone etc.) gespeichert werden, wenn Sie unsere Seite besuchen. Wir verwenden auf unserer Webseite Cookies. Dabei handelt es sich um Cookies, die f\u00fcr Webseiten auf WordPress.com erforderlich sind, um deren grundlegenden Funktionen zu erm\u00f6glichen. Das schliesst solche ein, die es registrierten Benutzern erlaubt, sich zu authentifizieren und Benutzerkonto spezifische Funktionen auszuf\u00fchren.<\/p>\n<p>Sie k\u00f6nnen Ihren Browser so einstellen, dass Sie \u00fcber das Setzen von Cookies informiert werden und Cookies nur im Einzelfall erlauben, die Annahme von Cookies f\u00fcr bestimmte F\u00e4lle oder generell ausschliessen sowie das automatische L\u00f6schen der Cookies beim Schliessen des Browsers aktivieren. Bei der Deaktivierung von Cookies kann die Funktionalit\u00e4t dieser Website eingeschr\u00e4nkt sein.<\/p>\n<p>&nbsp;<\/p>\n<h3><span><strong>Nutzung der Kontaktdaten<\/strong><\/span><\/h3>\n<p>Der Nutzung von im Rahmen der Impressums-Pflicht ver\u00f6ffentlichten Kontaktdaten zur \u00dcbersendung von nicht ausdr\u00fccklich angeforderter Werbung und Informationsmaterialien wird hiermit widersprochen. Wir behalten uns ausdr\u00fccklich rechtliche Schritte im Falle der unverlangten Zusendung von Werbeinformationen, etwa durch Spam-E-Mails, vor.<\/p>\n<p>&nbsp;<\/p>\n<h3><strong>Hosting und E-Mail-Versand<\/strong><\/h3>\n<p>Die von uns in Anspruch genommenen Hosting-Leistungen dienen der Zurverf\u00fcgungstellung der folgenden Leistungen: Infrastruktur- und Plattformdienstleistungen, Rechenkapazit\u00e4t, Speicherplatz und Datenbankdienste, E-Mail-Versand, Sicherheitsleistungen sowie technische Wartungsleistungen, die wir zum Zwecke des Betriebs dieser Webseite einsetzen.<\/p>\n<p>&nbsp;<\/p>\n<h3><strong>Erfassung von allgemeinen Daten und Informationen<\/strong><\/h3>\n<p>Der Provider der Seiten erhebt und speichert automatisch Informationen in sogenannten Server-Log-Dateien, die Ihr Browser automatisch an uns \u00fcbermittelt. Dies sind:<\/p>\n<ul>\n<li>verwendete Browsertypen und -versionen<\/li>\n<li>das vom zugreifenden System verwendete Betriebssystem<\/li>\n<li>die Webseite, von welcher ein zugreifendes System auf unsere Internetseite gelangt (Referrer)<\/li>\n<li>Datum und Uhrzeit eines Zugriffs auf die Internetseite<\/li>\n<li>Internet-Protokoll-Adresse (IP-Adresse)<\/li>\n<li>Internet-Service-Provider des zugreifenden Systems<\/li>\n<li>sonstige \u00e4hnliche Daten und Informationen, die der Gefahrenabwehr im Falle von Angriffen auf unsere informationstechnologischen Systeme dienen.<\/li>\n<\/ul>\n<ul><\/ul>\n<p>Eine Zusammenf\u00fchrung dieser Daten mit anderen Datenquellen wird nicht vorgenommen.<\/p>\n<p>Die Erfassung dieser Daten erfolgt auf Grundlage von Art. 6 Abs. 1 lit. f DSGVO. Der Webseitenbetreiber hat ein berechtigtes Interesse an der technisch fehlerfreien Darstellung und der Optimierung seiner Webseite, hierzu m\u00fcssen die Server-Log-Files erfasst werden.<\/p>\n<p>&nbsp;<\/p>\n<h3><span><strong>Externe Links<\/strong><\/span><\/h3>\n<p>Wir verwenden auf unserer Webseite Links auf externe Seiten, die besonders gekennzeichnet sind und deren Inhalte sich nicht auf unserem Server befinden. Die externen Inhalte dieser Links wurden beim Setzen der Links gepr\u00fcft. Es kann jedoch nicht ausgeschlossen werden, dass die Inhalte von den jeweiligen Anbietern nachtr\u00e4glich ver\u00e4ndert wurden. Sollten Sie bemerken, dass die Inhalte der externen Anbieter gegen geltendes Recht verstossen, teilen Sie uns dies bitte mit.<\/p>\n<p>&nbsp;<\/p>\n<h3><strong>Google Analytics<\/strong><\/h3>\n<p>Auf unserer Webseite wird \u00abGoogle Analytics\u00bb, ein Webanalysedienst der Google Inc., 1600 Amphitheatre Parkway, Mountain View, CA 94043 USA, zur Auswertung der Webseite-Benutzung eingesetzt. Google Analytics verwendet Cookies (siehe Pkt. 2.), die auf Ihrem Computer gespeichert werden. Die darin enthaltenen Informationen \u00fcber die Webseite- und Internetnutzung des Besuchers k\u00f6nnen von Google verarbeitet und ausgewertet werden. Die von Google erhobenen Daten werden gegebenenfalls von Google in Staaten ausserhalb der EU und des EWR, insbesondere die USA, \u00fcbermittelt. Google hat sich jedoch dem Privacy Shield Framework unterworfen. N\u00e4here Informationen zu Ihren Rechten daraus finden Sie\u00a0auf <span><a href=\"https:\/\/ec.europa.eu\/info\/policies\/justice-and-fundamental-rights_de\"><strong>folgendem Link<\/strong><\/a><\/span>. Zus\u00e4tzlich stellen wir sicher, dass Ihre IP-Adresse vor der \u00dcbertragung an Google anonymisiert wird.<\/p>\n<p>Sie k\u00f6nnen die Verwendung Ihrer Daten durch Google Analytics mit dem<strong>\u00a0<\/strong><span><a href=\"https:\/\/tools.google.com\/dlpage\/gaoptout?hl=de&amp;agent=250900010001\"><strong>Browser-Add-on<\/strong><\/a><\/span>\u00a0zur Deaktivierung von Google Analytics verhindern.<\/p>\n<p>&nbsp;<\/p>\n<h3><strong>Google Maps<\/strong><\/h3>\n<p>Wir binden die Landkarten des Dienstes \u00abGoogle Maps\u00bb des Anbieters Google LLC, 1600 Amphitheatre Parkway, Mountain View, CA 94043, USA, ein. Zu den verarbeiteten Daten k\u00f6nnen insbesondere IP-Adressen und Standortdaten der Nutzer geh\u00f6ren, die jedoch nicht ohne deren Einwilligung (im Regelfall im Rahmen der Einstellungen ihrer Mobilger\u00e4te vollzogen) erhoben werden. Die Daten k\u00f6nnen in den USA verarbeitet werden.<\/p>\n<p><span><a href=\"https:\/\/www.google.com\/policies\/privacy\/\"><strong>&gt; Datenschutzerkl\u00e4rung Google Maps<\/strong><\/a><\/span><br \/><span><a href=\"https:\/\/adssettings.google.com\/authenticated\"><strong>&gt; Bei Google-Maps abmelden (Opt-Out)<\/strong><\/a><\/span><\/p>\n<p><span><strong><\/strong><\/span><\/p>\n<h3><strong>Aktualit\u00e4t und \u00c4nderung dieser Datenschutzerkl\u00e4rung<\/strong><\/h3>\n<p>Diese Datenschutzerkl\u00e4rung ist aktuell g\u00fcltig und hat den Stand August 2024. Durch die Weiterentwicklung unserer Webseite und Angebote dar\u00fcber oder aufgrund ge\u00e4nderter gesetzlicher beziehungsweise beh\u00f6rdlicher Vorgaben kann es notwendig werden, diese Datenschutzerkl\u00e4rung entsprechend abzu\u00e4ndern.<\/p>\n<p>[\/et_pb_text][\/et_pb_column][\/et_pb_row][\/et_pb_section]<\/p>\n","protected":false},"excerpt":{"rendered":"<p>Impressum F\u00fcr den Inhalt verantwortlich: Steinhandel Veit VogtB\u00e4chliweg 389495 TriesenF\u00fcrstentum Liechtenstein +41 79 601 08 81 veit.vogt@steinhandel.li Reg. Nr. FL-0002.721.356-8UID CHE-177.431.341 Gestaltung und Umsetzung der Websitekomm.li FotografienFotos: Veit Vogt &nbsp; Copyright\/Urheberrecht: Der gesamte Inhalt der Webseite steinhandel.li, (nachfolgend &#8222;Webseite&#8220;) ist urheberrechtlich gesch\u00fctzt. Die Urheberrechte kommen dabei der Steinhandel Veit Vogt oder Dritten zu. Die Elemente [&hellip;]<\/p>\n","protected":false},"author":1,"featured_media":0,"parent":0,"menu_order":0,"comment_status":"closed","ping_status":"closed","template":"","meta":{"_et_pb_use_builder":"on","_et_pb_old_content":"","_et_gb_content_width":"","footnotes":""},"class_list":["post-71332","page","type-page","status-publish","hentry"],"_links":{"self":[{"href":"https:\/\/steinhandel.li\/index.php?rest_route=\/wp\/v2\/pages\/71332","targetHints":{"allow":["GET"]}}],"collection":[{"href":"https:\/\/steinhandel.li\/index.php?rest_route=\/wp\/v2\/pages"}],"about":[{"href":"https:\/\/steinhandel.li\/index.php?rest_route=\/wp\/v2\/types\/page"}],"author":[{"embeddable":true,"href":"https:\/\/steinhandel.li\/index.php?rest_route=\/wp\/v2\/users\/1"}],"replies":[{"embeddable":true,"href":"https:\/\/steinhandel.li\/index.php?rest_route=%2Fwp%2Fv2%2Fcomments&post=71332"}],"version-history":[{"count":6,"href":"https:\/\/steinhandel.li\/index.php?rest_route=\/wp\/v2\/pages\/71332\/revisions"}],"predecessor-version":[{"id":71347,"href":"https:\/\/steinhandel.li\/index.php?rest_route=\/wp\/v2\/pages\/71332\/revisions\/71347"}],"wp:attachment":[{"href":"https:\/\/steinhandel.li\/index.php?rest_route=%2Fwp%2Fv2%2Fmedia&parent=71332"}],"curies":[{"name":"wp","href":"https:\/\/api.w.org\/{rel}","templated":true}]}}